{"id":9941,"date":"2013-06-06T10:11:15","date_gmt":"2013-06-06T08:11:15","guid":{"rendered":"https:\/\/editura-unibuc.ro\/?p=9941"},"modified":"2025-08-07T10:22:28","modified_gmt":"2025-08-07T07:22:28","slug":"present-day-environmental-changes-in-romania-and-turkey-proceedings-the-8th-romanian-turkish-geographical-seminar-2-11-september-2012-bucuresti-slanic-moldova","status":"publish","type":"product","link":"https:\/\/editura-unibuc.ro\/en\/present-day-environmental-changes-in-romania-and-turkey-proceedings-the-8th-romanian-turkish-geographical-seminar-2-11-september-2012-bucuresti-slanic-moldova\/","title":{"rendered":"PRESENT \u2013 DAY ENVIRONMENTAL CHANGES IN ROMANIA AND TURKEY, Proceedings, The 8th Romanian \u2013 Turkish Geographical Seminar 2 -11 September 2012, Bucure\u0219ti \u2013 Sl\u0103nic Moldova \u2013 Sinaia, Romania"},"content":{"rendered":"<p>Cuprins: Ibrahim Atalay \u2013 Some Information and Sights on 2010, Mount Merapi Eruption Damages; Dan B\u0103lteanu, Monica Dumitra\u0219cu, Elena-Ana Popovici \u2013 Land Use Changes Along he Romanian Danube Valley in the Context of European Union Danube Strategy; Ibrahim Atalay \u2013 Natural Environment and Native Human Activities in Andes; George Erdeli, Ana-Irina Dinc\u0103, Camelia Surugiu \u2013 National and International Disparities With Regard to Romanian Tourism Industry; Isa C\u00fcrebal, Alaatin Kizil\u00e7ao\u011flu, Abdullah Soykan, Recep Efe, S\u00fcleyman S\u00f6nmez \u2013 Precipitation Characteristics in Balikesir and Its Vicinity; Laura Com\u0103nescu, Alexandru Nedelea \u2013 Inventoring the Principal Geomorphosites for Determining Geomorphodiversity. Case study \u2013 The Central Sector of the Bucegi Mountains (The Carpathians, Romania); Hediye Arzu Gokce, Ismail Buldan \u2013 Land Use and Landscape Ecology of Gediz Delta, Aegean Region; Liliana Dumitrache, Mariana Nae \u2013 Changing Cities: Urban Restructuring Projects in Bucharest for the Market Economy; Raziye Oban (\u010cakicio\u011flu) \u2013 Measuring the Level of Consciousness of Undergraduate Students Related to Cultural Heritage Areas: An Example from Buca Education Faculty; Emine Teyfur \u2013 Geography Preservice Teacher Opinions toward Online Learning Technologies; Florina Tatu, Liviu Tatu \u2013 Demographic Changes in Br\u0103ila Municipality during Postcomunist Period; G\u00fclpinar Akbulut \u2013 Geopark and Geoturism: A Case Study from Divrigi District (Turkey); Ana-Irina Dinc\u0103, Nicolae Dinc\u0103 \u2013 Aspects on Main Floristic Associations in C\u00e2mpulung Moldovenesc Depression; Laura T\u00eerl\u0103, Iuliana Vijulie, Elena Matei, Gabriela Manea, Roxana Cuculici \u2013 Land Use-Increased Human Impact and Landslides in Carpathian Resorts (B\u0103ile Ol\u0103ne\u0219ti, Romania); Ana Maria Marin, Marian Marin, Alexandra Zaharia \u2013 The Whirlpools, Water Mills, Symbols of Local Authenticity in \u021aara L\u0103pu\u0219ului; Ovidiu Cristian Popa \u2013 he Evaluation of the Touristic Potential of Sl\u0103nic Moldova Valley.<\/p>","protected":false},"excerpt":{"rendered":"<p>Cuprins: Ibrahim Atalay \u2013 Some Information and Sights on 2010, Mount Merapi Eruption Damages; Dan B\u0103lteanu, Monica Dumitra\u0219cu, Elena-Ana Popovici \u2013 Land Use Changes Along he Romanian Danube Valley in the Context of European Union Danube Strategy; Ibrahim Atalay \u2013 Natural Environment and Native Human Activities in Andes; George Erdeli, Ana-Irina Dinc\u0103, Camelia Surugiu \u2013 [&hellip;]<\/p>\n","protected":false},"featured_media":9942,"comment_status":"open","ping_status":"closed","template":"","meta":[],"product_brand":[],"product_cat":[1466,989],"product_tag":[903,909],"class_list":{"0":"post-9941","1":"product","2":"type-product","3":"status-publish","4":"has-post-thumbnail","6":"product_cat-stiinte-ale-naturii","7":"product_cat-geografie","8":"product_tag-geografie","9":"product_tag-geologie","11":"first","12":"outofstock","13":"shipping-taxable","14":"purchasable","15":"product-type-simple"},"_links":{"self":[{"href":"https:\/\/editura-unibuc.ro\/en\/wp-json\/wp\/v2\/product\/9941","targetHints":{"allow":["GET"]}}],"collection":[{"href":"https:\/\/editura-unibuc.ro\/en\/wp-json\/wp\/v2\/product"}],"about":[{"href":"https:\/\/editura-unibuc.ro\/en\/wp-json\/wp\/v2\/types\/product"}],"replies":[{"embeddable":true,"href":"https:\/\/editura-unibuc.ro\/en\/wp-json\/wp\/v2\/comments?post=9941"}],"wp:featuredmedia":[{"embeddable":true,"href":"https:\/\/editura-unibuc.ro\/en\/wp-json\/wp\/v2\/media\/9942"}],"wp:attachment":[{"href":"https:\/\/editura-unibuc.ro\/en\/wp-json\/wp\/v2\/media?parent=9941"}],"wp:term":[{"taxonomy":"product_brand","embeddable":true,"href":"https:\/\/editura-unibuc.ro\/en\/wp-json\/wp\/v2\/product_brand?post=9941"},{"taxonomy":"product_cat","embeddable":true,"href":"https:\/\/editura-unibuc.ro\/en\/wp-json\/wp\/v2\/product_cat?post=9941"},{"taxonomy":"product_tag","embeddable":true,"href":"https:\/\/editura-unibuc.ro\/en\/wp-json\/wp\/v2\/product_tag?post=9941"}],"curies":[{"name":"wp","href":"https:\/\/api.w.org\/{rel}","templated":true}]}}