{"id":9944,"date":"2013-06-06T10:17:15","date_gmt":"2013-06-06T08:17:15","guid":{"rendered":"https:\/\/editura-unibuc.ro\/?p=9944"},"modified":"2015-03-13T14:55:32","modified_gmt":"2015-03-13T12:55:32","slug":"informatica-aplicata-modele-de-aproximare-software-aplicatii","status":"publish","type":"product","link":"https:\/\/editura-unibuc.ro\/en\/informatica-aplicata-modele-de-aproximare-software-aplicatii\/","title":{"rendered":"APPLIED INFORMATICS. Approximation models, software, applications"},"content":{"rendered":"<p>Prezentul curs de Informatic\u0103 destinat studen\u021bilor de la Chimie, precum \u0219i studen\u021bilor de la matematic\u0103 \u0219i informatic\u0103, fizic\u0103, biologie, geologie, etc., nu este un curs de Matematic\u0103, de Statistic\u0103 sau de Analiz\u0103 numeric\u0103, \u0219i nici curs de Chimie sau Fizic\u0103 Con\u021binutul \u0219i competen\u021bele urm\u0103rite a fi c\u0103p\u0103tate trebuie s\u0103-i ajute pe studen\u021bi s\u0103 \u00een\u021beleag\u0103 con\u021binutul celorlalte cursuri din programul de studii pentru Chimie \u0219i Fizic\u0103. Astfel, vor avea posibilitatea s\u0103 \u00een\u021beleag\u0103 diverse calcule matematice, calcule statistice, calcule numerice sau analiza datelor experimentale prin utilizarea calculatorului, a sistemelor software moderne, a tehnologiilor Web \u0219i a sistemului Internet, \u0219i \u00een general prin utilizarea TIC (Tehnologiile Informa\u021biei \u0219i Comunica\u021biei; ICT \u2013 Information and Communication Technologies). (Prefa\u021b\u0103, Marin Vlada)<\/p>\n","protected":false},"excerpt":{"rendered":"<p>Prezentul curs de Informatic\u0103 destinat studen\u021bilor de la Chimie, precum \u0219i studen\u021bilor de la matematic\u0103 \u0219i informatic\u0103, fizic\u0103, biologie, geologie, etc., nu este un curs de Matematic\u0103, de Statistic\u0103 sau de Analiz\u0103 numeric\u0103, \u0219i nici curs de Chimie sau Fizic\u0103 Con\u021binutul \u0219i competen\u021bele urm\u0103rite a fi c\u0103p\u0103tate trebuie s\u0103-i ajute pe studen\u021bi s\u0103 \u00een\u021beleag\u0103 con\u021binutul [&hellip;]<\/p>\n","protected":false},"featured_media":9945,"comment_status":"open","ping_status":"closed","template":"","meta":[],"product_brand":[],"product_cat":[982,985],"product_tag":[899,898],"class_list":{"0":"post-9944","1":"product","2":"type-product","3":"status-publish","4":"has-post-thumbnail","6":"product_cat-stiinte-exacte","7":"product_cat-informatica","8":"product_tag-informatica","9":"product_tag-matematica","11":"first","12":"instock","13":"shipping-taxable","14":"purchasable","15":"product-type-simple"},"_links":{"self":[{"href":"https:\/\/editura-unibuc.ro\/en\/wp-json\/wp\/v2\/product\/9944","targetHints":{"allow":["GET"]}}],"collection":[{"href":"https:\/\/editura-unibuc.ro\/en\/wp-json\/wp\/v2\/product"}],"about":[{"href":"https:\/\/editura-unibuc.ro\/en\/wp-json\/wp\/v2\/types\/product"}],"replies":[{"embeddable":true,"href":"https:\/\/editura-unibuc.ro\/en\/wp-json\/wp\/v2\/comments?post=9944"}],"wp:featuredmedia":[{"embeddable":true,"href":"https:\/\/editura-unibuc.ro\/en\/wp-json\/wp\/v2\/media\/9945"}],"wp:attachment":[{"href":"https:\/\/editura-unibuc.ro\/en\/wp-json\/wp\/v2\/media?parent=9944"}],"wp:term":[{"taxonomy":"product_brand","embeddable":true,"href":"https:\/\/editura-unibuc.ro\/en\/wp-json\/wp\/v2\/product_brand?post=9944"},{"taxonomy":"product_cat","embeddable":true,"href":"https:\/\/editura-unibuc.ro\/en\/wp-json\/wp\/v2\/product_cat?post=9944"},{"taxonomy":"product_tag","embeddable":true,"href":"https:\/\/editura-unibuc.ro\/en\/wp-json\/wp\/v2\/product_tag?post=9944"}],"curies":[{"name":"wp","href":"https:\/\/api.w.org\/{rel}","templated":true}]}}