{"id":9948,"date":"2013-06-06T10:20:57","date_gmt":"2013-06-06T08:20:57","guid":{"rendered":"https:\/\/editura-unibuc.ro\/?p=9948"},"modified":"2025-03-13T12:20:05","modified_gmt":"2025-03-13T10:20:05","slug":"romanoslavica-serie-noua-vol-xlviii-nr-4","status":"publish","type":"product","link":"https:\/\/editura-unibuc.ro\/en\/romanoslavica-serie-noua-vol-xlviii-nr-4\/","title":{"rendered":"ROMANOSLAVICA New Series, vol. XLVIII, nr.4"},"content":{"rendered":"<p>Din cuprins: Dumitru Copilu \u2013 Eminescu \u00een literaturile slave; Andreea Dunaeva &#8211; Repere temporale \u00een studierea literaturii ruse vechi \u0219i din secolul al XVIII-lea; Sorin Paliga \u2013 \u2018Najmanj utemeljeno je paligovo mnenje&#8230;\u2019. Once again on the origin of slavic *s\u044ato; Dagmar Maria Anoca \u2013 Milo Urban \u0219i muta\u021biile prozei slovace \u00een perioada interbelic\u0103 a secolului al XX-lea; Petru Istrate \u2013 \u0412\u043e\u043f\u0440\u043e\u0441\u0438\u0442\u0435\u043b\u043d\u043e-o\u0442\u043d\u043e\u0441\u0438\u0442\u0435\u043b\u043d\u044b\u0435 \u043c\u0435\u0441\u0442\u043e\u0438\u043c\u0435\u043d\u0438\u044f \u0432 \u0441\u043e\u0432\u0440\u0435\u043c\u0435\u043d\u043d\u044b\u0445 \u0441\u043b\u0430\u0432\u044f\u043d\u0441\u043a\u0438\u0445 \u044f\u0437\u044b\u043a\u0430\u0445 (\u043d\u0430 \u043c\u0430\u0442\u0435\u0440\u0438\u0430\u043b\u0435 \u0440\u0443\u0441\u0441\u043a\u043e\u0433\u043e, \u0447\u0435\u0448\u043a\u043e\u0433\u043e \u0438 \u0431\u043e\u043b\u0433\u0430\u0440\u0441\u043a\u043e\u0433\u043e \u044f\u0437\u044b\u043a\u043e\u0432); Armand Gu\u021b\u0103 \u2013 Imaginea etnografic\u0103 a Rom\u00e2niei \u00een viziunea reprezentan\u021bilor \u0219colii antropologice croate\u00a0 \u00eentre anii 1938 \u0219i 1944.<\/p>\n","protected":false},"excerpt":{"rendered":"<p>Din cuprins: Dumitru Copilu \u2013 Eminescu \u00een literaturile slave; Andreea Dunaeva &#8211; Repere temporale \u00een studierea literaturii ruse vechi \u0219i din secolul al XVIII-lea; Sorin Paliga \u2013 \u2018Najmanj utemeljeno je paligovo mnenje&#8230;\u2019. Once again on the origin of slavic *s\u044ato; Dagmar Maria Anoca \u2013 Milo Urban \u0219i muta\u021biile prozei slovace \u00een perioada interbelic\u0103 a secolului [&hellip;]<\/p>\n","protected":false},"featured_media":9949,"comment_status":"open","ping_status":"closed","template":"","meta":[],"product_brand":[],"product_cat":[3823,1464,981,1469],"product_tag":[925,922],"class_list":{"0":"post-9948","1":"product","2":"type-product","3":"status-publish","4":"has-post-thumbnail","6":"product_cat-stiinte-umane","7":"product_cat-filologie","8":"product_cat-limbi-slave","9":"product_cat-periodice","10":"product_tag-romana","11":"product_tag-slave","13":"first","14":"instock","15":"shipping-taxable","16":"purchasable","17":"product-type-simple"},"_links":{"self":[{"href":"https:\/\/editura-unibuc.ro\/en\/wp-json\/wp\/v2\/product\/9948","targetHints":{"allow":["GET"]}}],"collection":[{"href":"https:\/\/editura-unibuc.ro\/en\/wp-json\/wp\/v2\/product"}],"about":[{"href":"https:\/\/editura-unibuc.ro\/en\/wp-json\/wp\/v2\/types\/product"}],"replies":[{"embeddable":true,"href":"https:\/\/editura-unibuc.ro\/en\/wp-json\/wp\/v2\/comments?post=9948"}],"wp:featuredmedia":[{"embeddable":true,"href":"https:\/\/editura-unibuc.ro\/en\/wp-json\/wp\/v2\/media\/9949"}],"wp:attachment":[{"href":"https:\/\/editura-unibuc.ro\/en\/wp-json\/wp\/v2\/media?parent=9948"}],"wp:term":[{"taxonomy":"product_brand","embeddable":true,"href":"https:\/\/editura-unibuc.ro\/en\/wp-json\/wp\/v2\/product_brand?post=9948"},{"taxonomy":"product_cat","embeddable":true,"href":"https:\/\/editura-unibuc.ro\/en\/wp-json\/wp\/v2\/product_cat?post=9948"},{"taxonomy":"product_tag","embeddable":true,"href":"https:\/\/editura-unibuc.ro\/en\/wp-json\/wp\/v2\/product_tag?post=9948"}],"curies":[{"name":"wp","href":"https:\/\/api.w.org\/{rel}","templated":true}]}}