{"id":9958,"date":"2013-06-06T10:36:54","date_gmt":"2013-06-06T08:36:54","guid":{"rendered":"https:\/\/editura-unibuc.ro\/?p=9958"},"modified":"2015-03-13T14:53:24","modified_gmt":"2015-03-13T12:53:24","slug":"un-secol-de-relatii-internationale","status":"publish","type":"product","link":"https:\/\/editura-unibuc.ro\/en\/un-secol-de-relatii-internationale\/","title":{"rendered":"A CENTURY OF FOREIGN RELATIONS"},"content":{"rendered":"<p>\u00centr-un domeniu construit pe dezbaterea dintre teorii paralele, cartea de fa\u021b\u0103 propune o cronologie. Suntem obi\u0219nui\u021bi s\u0103 citim explica\u021biile din teoria rela\u021biilor interna\u021bionale prin polemica dintre clasicii paradigmelor consacrate. Ne scap\u0103 \u00eens\u0103 de multe ori faptul c\u0103 , \u00een abia o sut\u0103 de ani de literatur\u0103 de rela\u021bii interna\u021bionale, evenimentele comentate s-au succedat cu o rapiditate care, de multe ori, nu a permis teoriei s\u0103 se maturizeze.<\/p>\n","protected":false},"excerpt":{"rendered":"<p>\u00centr-un domeniu construit pe dezbaterea dintre teorii paralele, cartea de fa\u021b\u0103 propune o cronologie. Suntem obi\u0219nui\u021bi s\u0103 citim explica\u021biile din teoria rela\u021biilor interna\u021bionale prin polemica dintre clasicii paradigmelor consacrate. Ne scap\u0103 \u00eens\u0103 de multe ori faptul c\u0103 , \u00een abia o sut\u0103 de ani de literatur\u0103 de rela\u021bii interna\u021bionale, evenimentele comentate s-au succedat cu o [&hellip;]<\/p>\n","protected":false},"featured_media":9959,"comment_status":"open","ping_status":"closed","template":"","meta":[],"product_brand":[],"product_cat":[991,995],"product_tag":[1277,1097],"class_list":{"0":"post-9958","1":"product","2":"type-product","3":"status-publish","4":"has-post-thumbnail","6":"product_cat-stiinte-sociale","7":"product_cat-istorie-stiinte-politice","8":"product_tag-relatii-internationale","9":"product_tag-stiinte-politice","11":"first","12":"instock","13":"shipping-taxable","14":"purchasable","15":"product-type-simple"},"_links":{"self":[{"href":"https:\/\/editura-unibuc.ro\/en\/wp-json\/wp\/v2\/product\/9958","targetHints":{"allow":["GET"]}}],"collection":[{"href":"https:\/\/editura-unibuc.ro\/en\/wp-json\/wp\/v2\/product"}],"about":[{"href":"https:\/\/editura-unibuc.ro\/en\/wp-json\/wp\/v2\/types\/product"}],"replies":[{"embeddable":true,"href":"https:\/\/editura-unibuc.ro\/en\/wp-json\/wp\/v2\/comments?post=9958"}],"wp:featuredmedia":[{"embeddable":true,"href":"https:\/\/editura-unibuc.ro\/en\/wp-json\/wp\/v2\/media\/9959"}],"wp:attachment":[{"href":"https:\/\/editura-unibuc.ro\/en\/wp-json\/wp\/v2\/media?parent=9958"}],"wp:term":[{"taxonomy":"product_brand","embeddable":true,"href":"https:\/\/editura-unibuc.ro\/en\/wp-json\/wp\/v2\/product_brand?post=9958"},{"taxonomy":"product_cat","embeddable":true,"href":"https:\/\/editura-unibuc.ro\/en\/wp-json\/wp\/v2\/product_cat?post=9958"},{"taxonomy":"product_tag","embeddable":true,"href":"https:\/\/editura-unibuc.ro\/en\/wp-json\/wp\/v2\/product_tag?post=9958"}],"curies":[{"name":"wp","href":"https:\/\/api.w.org\/{rel}","templated":true}]}}