{"id":9961,"date":"2013-06-06T11:23:22","date_gmt":"2013-06-06T09:23:22","guid":{"rendered":"https:\/\/editura-unibuc.ro\/?p=9961"},"modified":"2015-03-13T14:52:58","modified_gmt":"2015-03-13T12:52:58","slug":"sgrafitto-viata-si-patimile-sf-mare-mucenic-gheorghe-manastirea-sfantul-gheorghe-giurgiu","status":"publish","type":"product","link":"https:\/\/editura-unibuc.ro\/en\/sgrafitto-viata-si-patimile-sf-mare-mucenic-gheorghe-manastirea-sfantul-gheorghe-giurgiu\/","title":{"rendered":"SGRAFITTO &#8211; LIFE AND PASSION OF THE GREAT SAINT MARTYR GEORGE, SAINT GEORGE MONASTERY, GIURGIU"},"content":{"rendered":"<p>Prin bun\u0103voin\u021ba, \u00een\u021belegerea \u0219i mai ales \u00eencrederea Prea Sfin\u021bitului Ambrozie de la Arhiepiscopia Giurgiului s-au \u00eempodobit ni\u0219ele zidului exterior de incint\u0103 ale Sfintei M\u0103n\u0103stiri av\u00e2nd hramul Sf\u00e2ntul Gheorghe, cu scene din patimile \u0219i minunile Sf\u00e2ntului, \u00een tehnica sgrafitto, ca lucrare de diplom\u0103, partea tehnic\u0103 \u0219i tehnologic\u0103 fiind str\u0103dania studen\u021bilor anului IV, promo\u021bia 2008, de la Sec\u021bia Arte Plastice, Catera Art\u0103 Sacr\u0103 a Facult\u0103\u021bii de Teologie Ortodox\u0103 Patriarhul Justinian Marina din Bucure\u0219ti, clasa Lector Univ. Dr. Constantin Apostol. Consider\u0103m aceste lucr\u0103ri, desf\u0103\u0219urate sub directa coordonare de specialitate practic\u0103 a profesorului \u00eendrum\u0103tor de an, ca efort rodnic de exprimare \u0219i definire a muncii de echip\u0103, dar \u0219i ca expresie a c\u0103ut\u0103rii virtu\u021bilor artistice \u0219i mai ales de cur\u0103\u021bire sufleteasc\u0103 \u00eentru credin\u021ba cre\u0219tin\u0103 \u2013 at\u00e2t a celor care au trudit spre buna des\u0103v\u00e2r\u0219ire a acestui lucru de trebuin\u021b\u0103, c\u00e2t \u0219i a celor care vor lua aminte \u0219i se vor \u00eemp\u0103rt\u0103\u0219i de el cu folos. (Cuv\u00e2nt \u00eenainte, Autor concept \u0219i coordonator de an, Lector Univ. Dr. Constantin Apostol)<\/p>\n","protected":false},"excerpt":{"rendered":"<p>Prin bun\u0103voin\u021ba, \u00een\u021belegerea \u0219i mai ales \u00eencrederea Prea Sfin\u021bitului Ambrozie de la Arhiepiscopia Giurgiului s-au \u00eempodobit ni\u0219ele zidului exterior de incint\u0103 ale Sfintei M\u0103n\u0103stiri av\u00e2nd hramul Sf\u00e2ntul Gheorghe, cu scene din patimile \u0219i minunile Sf\u00e2ntului, \u00een tehnica sgrafitto, ca lucrare de diplom\u0103, partea tehnic\u0103 \u0219i tehnologic\u0103 fiind str\u0103dania studen\u021bilor anului IV, promo\u021bia 2008, de la [&hellip;]<\/p>\n","protected":false},"featured_media":9962,"comment_status":"open","ping_status":"closed","template":"","meta":[],"product_brand":[],"product_cat":[991,999],"product_tag":[959,1021],"class_list":{"0":"post-9961","1":"product","2":"type-product","3":"status-publish","4":"has-post-thumbnail","6":"product_cat-stiinte-sociale","7":"product_cat-teologie","8":"product_tag-arta","9":"product_tag-teologie","11":"first","12":"instock","13":"shipping-taxable","14":"purchasable","15":"product-type-simple"},"_links":{"self":[{"href":"https:\/\/editura-unibuc.ro\/en\/wp-json\/wp\/v2\/product\/9961","targetHints":{"allow":["GET"]}}],"collection":[{"href":"https:\/\/editura-unibuc.ro\/en\/wp-json\/wp\/v2\/product"}],"about":[{"href":"https:\/\/editura-unibuc.ro\/en\/wp-json\/wp\/v2\/types\/product"}],"replies":[{"embeddable":true,"href":"https:\/\/editura-unibuc.ro\/en\/wp-json\/wp\/v2\/comments?post=9961"}],"wp:featuredmedia":[{"embeddable":true,"href":"https:\/\/editura-unibuc.ro\/en\/wp-json\/wp\/v2\/media\/9962"}],"wp:attachment":[{"href":"https:\/\/editura-unibuc.ro\/en\/wp-json\/wp\/v2\/media?parent=9961"}],"wp:term":[{"taxonomy":"product_brand","embeddable":true,"href":"https:\/\/editura-unibuc.ro\/en\/wp-json\/wp\/v2\/product_brand?post=9961"},{"taxonomy":"product_cat","embeddable":true,"href":"https:\/\/editura-unibuc.ro\/en\/wp-json\/wp\/v2\/product_cat?post=9961"},{"taxonomy":"product_tag","embeddable":true,"href":"https:\/\/editura-unibuc.ro\/en\/wp-json\/wp\/v2\/product_tag?post=9961"}],"curies":[{"name":"wp","href":"https:\/\/api.w.org\/{rel}","templated":true}]}}